{"id":10930,"date":"2023-10-02T11:11:47","date_gmt":"2023-10-02T09:11:47","guid":{"rendered":"https:\/\/www.larcher.bz.it\/?page_id=10930"},"modified":"2024-09-18T10:01:05","modified_gmt":"2024-09-18T08:01:05","slug":"ley-de-transparencia-124-2017","status":"publish","type":"page","link":"https:\/\/www.larcher.bz.it\/es\/ley-de-transparencia-124-2017\/","title":{"rendered":"Ley de Transparencia 124\/2017"},"content":{"rendered":"<p><strong>LARCHER MASCHINENBAU G.m.b.H.<\/strong><br \/>\nSitz: Handwerkerstrasse Nr. 14\/1, I-39011 Lana (BZ)<br \/>\nC\u00f3digo fiscal, IVA &#8211; N\u00famero y n\u00famero de inscripci\u00f3n en el Registro Mercantil de Bolzano 02609950213<\/p>\n<p><strong>Informaci\u00f3n en el sentido del art. 1 p\u00e1rr. 125 y ss. de la Ley n.\u00ba 124 de 4 de agosto de 2017<\/strong><\/p>\n<p>En relaci\u00f3n con el art\u00edculo 1, apartado 125 y siguientes de la Ley 124\/2017, a continuaci\u00f3n se relacionan las ayudas y subvenciones (aportaciones, subvenciones, ayudas, promociones, beneficios, ventajas econ\u00f3micas) concedidas a la empresa en el ejercicio 2021 por la Administraci\u00f3n P\u00fablica o empresas y entidades de conformidad con el art\u00edculo 2-bis D.Lgs. 33\/2013 a la empresa (aportaciones, subvenciones, ayudas, promociones, beneficios, ventajas econ\u00f3micas) se relacionan a continuaci\u00f3n:<\/p>\n<p><strong>Contribuci\u00f3n por p\u00e9rdidas Contributo Decreto Sostegni Bis &#8211; Perequativolt. Art. 1 p\u00e1rr. 16-27 D.L. 25.05.2021 n\u00ba 73<\/strong><br \/>\nEntidad pagadora: Agencia Tributaria<br \/>\nEuro 15.409,00 pagado el 31.12.2021<\/p>\n<p><strong>Referencia Registro Nacional de Ayudas Estatales<\/strong><br \/>\nLa empresa tambi\u00e9n recibi\u00f3 ayudas estatales y ayudas de minimis en el ejercicio 2021, que deben ser notificadas al registro nacional de ayudas estatales (Registro Nazionale degli Aiuti di Stato\/RNA) por los respectivos organismos pagadores de conformidad con la normativa de transparencia aplicable, a la que se hace referencia aqu\u00ed.<\/p>\n<p><a href=\"https:\/\/www.rna.gov.it\/RegistroNazionaleTrasparenza\/faces\/pages\/TrasparenzaAiuto.jspx\" target=\"_blank\" rel=\"noopener noreferrer\">https:\/\/www.rna.gov.it\/RegistroNazionaleTrasparenza\/faces\/pages\/TrasparenzaAiuto.jspx<\/a><\/p>\n","protected":false},"excerpt":{"rendered":"<p>LARCHER MASCHINENBAU G.m.b.H. Sitz: Handwerkerstrasse Nr. 14\/1, I-39011 Lana (BZ) C\u00f3digo fiscal, IVA &#8211; N\u00famero y n\u00famero de inscripci\u00f3n en el Registro Mercantil de Bolzano 02609950213 Informaci\u00f3n en el sentido del art. 1 p\u00e1rr. 125 y ss. de la Ley n.\u00ba 124 de 4 de agosto de 2017 En relaci\u00f3n con el art\u00edculo 1, apartado&#8230;<\/p>\n","protected":false},"author":1,"featured_media":0,"parent":0,"menu_order":53,"comment_status":"closed","ping_status":"closed","template":"","meta":{"footnotes":""},"class_list":["post-10930","page","type-page","status-publish","hentry"],"_links":{"self":[{"href":"https:\/\/www.larcher.bz.it\/es\/wp-json\/wp\/v2\/pages\/10930","targetHints":{"allow":["GET"]}}],"collection":[{"href":"https:\/\/www.larcher.bz.it\/es\/wp-json\/wp\/v2\/pages"}],"about":[{"href":"https:\/\/www.larcher.bz.it\/es\/wp-json\/wp\/v2\/types\/page"}],"author":[{"embeddable":true,"href":"https:\/\/www.larcher.bz.it\/es\/wp-json\/wp\/v2\/users\/1"}],"replies":[{"embeddable":true,"href":"https:\/\/www.larcher.bz.it\/es\/wp-json\/wp\/v2\/comments?post=10930"}],"version-history":[{"count":0,"href":"https:\/\/www.larcher.bz.it\/es\/wp-json\/wp\/v2\/pages\/10930\/revisions"}],"wp:attachment":[{"href":"https:\/\/www.larcher.bz.it\/es\/wp-json\/wp\/v2\/media?parent=10930"}],"curies":[{"name":"wp","href":"https:\/\/api.w.org\/{rel}","templated":true}]}}